{"id":719,"date":"2020-05-19T08:28:31","date_gmt":"2020-05-19T08:28:31","guid":{"rendered":"https:\/\/www.oovalgel.ee\/about-festival\/"},"modified":"2023-11-11T08:40:23","modified_gmt":"2023-11-11T08:40:23","slug":"about-festival","status":"publish","type":"page","link":"https:\/\/www.oovalgel.ee\/en\/about-festival\/","title":{"rendered":"Festivalist"},"content":{"rendered":"\t\t<div data-elementor-type=\"wp-page\" data-elementor-id=\"719\" class=\"elementor elementor-719\" data-elementor-post-type=\"page\">\n\t\t\t\t\t\t<section class=\"elementor-section elementor-top-section elementor-element elementor-element-086f420 elementor-section-full_width elementor-section-height-min-height elementor-section-height-default elementor-section-items-middle\" data-id=\"086f420\" data-element_type=\"section\" data-settings=\"{&quot;background_background&quot;:&quot;classic&quot;}\">\n\t\t\t\t\t\t<div class=\"elementor-container elementor-column-gap-default\">\n\t\t\t\t\t<div class=\"elementor-column elementor-col-100 elementor-top-column elementor-element elementor-element-aa72824\" data-id=\"aa72824\" data-element_type=\"column\">\n\t\t\t<div class=\"elementor-widget-wrap elementor-element-populated\">\n\t\t\t\t\t\t<div class=\"elementor-element elementor-element-c277da4 elementor-hidden-widescreen elementor-hidden-desktop elementor-hidden-laptop elementor-widget elementor-widget-image\" data-id=\"c277da4\" data-element_type=\"widget\" data-widget_type=\"image.default\">\n\t\t\t\t<div class=\"elementor-widget-container\">\n\t\t\t<style>\/*! elementor - v3.23.0 - 05-08-2024 *\/\n.elementor-widget-image{text-align:center}.elementor-widget-image a{display:inline-block}.elementor-widget-image a img[src$=\".svg\"]{width:48px}.elementor-widget-image img{vertical-align:middle;display:inline-block}<\/style>\t\t\t\t\t\t\t\t\t\t<img fetchpriority=\"high\" decoding=\"async\" width=\"800\" height=\"302\" src=\"https:\/\/www.oovalgel.ee\/wp-content\/uploads\/2023\/02\/OOVALGEL_KOOS-1.png\" class=\"attachment-large size-large wp-image-6910\" alt=\"\" srcset=\"https:\/\/www.oovalgel.ee\/wp-content\/uploads\/2023\/02\/OOVALGEL_KOOS-1.png 1761w, https:\/\/www.oovalgel.ee\/wp-content\/uploads\/2023\/02\/OOVALGEL_KOOS-1-300x113.png 300w, https:\/\/www.oovalgel.ee\/wp-content\/uploads\/2023\/02\/OOVALGEL_KOOS-1-768x290.png 768w, https:\/\/www.oovalgel.ee\/wp-content\/uploads\/2023\/02\/OOVALGEL_KOOS-1-1536x580.png 1536w\" sizes=\"(max-width: 800px) 100vw, 800px\" \/>\t\t\t\t\t\t\t\t\t\t\t\t\t<\/div>\n\t\t\t\t<\/div>\n\t\t\t\t<div class=\"elementor-element elementor-element-9b6e246 elementor-widget elementor-widget-text-editor\" data-id=\"9b6e246\" data-element_type=\"widget\" data-widget_type=\"text-editor.default\">\n\t\t\t\t<div class=\"elementor-widget-container\">\n\t\t\t<style>\/*! elementor - v3.23.0 - 05-08-2024 *\/\n.elementor-widget-text-editor.elementor-drop-cap-view-stacked .elementor-drop-cap{background-color:#69727d;color:#fff}.elementor-widget-text-editor.elementor-drop-cap-view-framed .elementor-drop-cap{color:#69727d;border:3px solid;background-color:transparent}.elementor-widget-text-editor:not(.elementor-drop-cap-view-default) .elementor-drop-cap{margin-top:8px}.elementor-widget-text-editor:not(.elementor-drop-cap-view-default) .elementor-drop-cap-letter{width:1em;height:1em}.elementor-widget-text-editor .elementor-drop-cap{float:left;text-align:center;line-height:1;font-size:50px}.elementor-widget-text-editor .elementor-drop-cap-letter{display:inline-block}<\/style>\t\t\t\t<p>The annual light theatre festival \u00d6\u00d6valgel, which takes place on the last weekend of September, is the largest cultural event in P\u00e4rnu, where light projection shows are performed in various locations in the city of P\u00e4rnu three evenings in a row.<\/p><p>It is a festival of light theater, where stories are told through light and video projections, with the main<br \/>character always being a living person.<\/p><p>The first \u00d6\u00d6valge Festival took place in September 2019. Today, the festival has become one of the<br \/>most unique light theater festivals in the neighbouring countries, where, unlike other light festivals, the<br \/>focus is on the performance, not just the light objects or installations.<\/p><p>In 2024 the festival will take place on three consecutive evenings &#8211; on September 26-28.09.<\/p><p>This year&#8217;s performances will take place in the downtown and beach area of P\u00e4rnu. The venues are just a short walk away from each other. Thus, the festival is a stroll along the streets and parks of P\u00e4rnu.<\/p><p>See pictures from the festival <a href=\"https:\/\/www.oovalgel.ee\/en\/galerii\/\">here<\/a>.<\/p>\t\t\t\t\t\t<\/div>\n\t\t\t\t<\/div>\n\t\t\t\t\t<\/div>\n\t\t<\/div>\n\t\t\t\t\t<\/div>\n\t\t<\/section>\n\t\t\t\t<\/div>\n\t\t","protected":false},"excerpt":{"rendered":"<p>The annual light theatre festival \u00d6\u00d6valgel, which takes place on the last weekend of September, is the largest cultural event in P\u00e4rnu, where light projection shows are performed in various locations in the city of P\u00e4rnu three evenings in a row. It is a festival of light theater, where stories are told through light and [&hellip;]<\/p>\n","protected":false},"author":8,"featured_media":0,"parent":0,"menu_order":0,"comment_status":"closed","ping_status":"closed","template":"","meta":{"_exactmetrics_skip_tracking":false,"_exactmetrics_sitenote_active":false,"_exactmetrics_sitenote_note":"","_exactmetrics_sitenote_category":0,"footnotes":""},"class_list":["post-719","page","type-page","status-publish","hentry"],"yoast_head":"<!-- This site is optimized with the Yoast SEO plugin v23.3 - https:\/\/yoast.com\/wordpress\/plugins\/seo\/ -->\n<title>Festivalist - \u00d6\u00f6valgel<\/title>\n<meta name=\"robots\" content=\"index, follow, max-snippet:-1, max-image-preview:large, max-video-preview:-1\" \/>\n<link rel=\"canonical\" href=\"https:\/\/www.oovalgel.ee\/en\/about-festival\/\" \/>\n<meta property=\"og:locale\" content=\"en_US\" \/>\n<meta property=\"og:type\" content=\"article\" \/>\n<meta property=\"og:title\" content=\"Festivalist - \u00d6\u00f6valgel\" \/>\n<meta property=\"og:description\" content=\"The annual light theatre festival \u00d6\u00d6valgel, which takes place on the last weekend of September, is the largest cultural event in P\u00e4rnu, where light projection shows are performed in various locations in the city of P\u00e4rnu three evenings in a row. It is a festival of light theater, where stories are told through light and [&hellip;]\" \/>\n<meta property=\"og:url\" content=\"https:\/\/www.oovalgel.ee\/en\/about-festival\/\" \/>\n<meta property=\"og:site_name\" content=\"\u00d6\u00f6valgel\" \/>\n<meta property=\"article:modified_time\" content=\"2023-11-11T08:40:23+00:00\" \/>\n<meta property=\"og:image\" content=\"https:\/\/www.oovalgel.ee\/wp-content\/uploads\/2023\/02\/OOVALGEL_KOOS-1.png\" \/>\n<meta name=\"twitter:card\" content=\"summary_large_image\" \/>\n<meta name=\"twitter:label1\" content=\"Est. reading time\" \/>\n\t<meta name=\"twitter:data1\" content=\"1 minute\" \/>\n<script type=\"application\/ld+json\" class=\"yoast-schema-graph\">{\"@context\":\"https:\/\/schema.org\",\"@graph\":[{\"@type\":\"WebPage\",\"@id\":\"https:\/\/www.oovalgel.ee\/en\/about-festival\/\",\"url\":\"https:\/\/www.oovalgel.ee\/en\/about-festival\/\",\"name\":\"Festivalist - \u00d6\u00f6valgel\",\"isPartOf\":{\"@id\":\"https:\/\/www.oovalgel.ee\/#website\"},\"primaryImageOfPage\":{\"@id\":\"https:\/\/www.oovalgel.ee\/en\/about-festival\/#primaryimage\"},\"image\":{\"@id\":\"https:\/\/www.oovalgel.ee\/en\/about-festival\/#primaryimage\"},\"thumbnailUrl\":\"https:\/\/www.oovalgel.ee\/wp-content\/uploads\/2023\/02\/OOVALGEL_KOOS-1.png\",\"datePublished\":\"2020-05-19T08:28:31+00:00\",\"dateModified\":\"2023-11-11T08:40:23+00:00\",\"breadcrumb\":{\"@id\":\"https:\/\/www.oovalgel.ee\/en\/about-festival\/#breadcrumb\"},\"inLanguage\":\"en-US\",\"potentialAction\":[{\"@type\":\"ReadAction\",\"target\":[\"https:\/\/www.oovalgel.ee\/en\/about-festival\/\"]}]},{\"@type\":\"ImageObject\",\"inLanguage\":\"en-US\",\"@id\":\"https:\/\/www.oovalgel.ee\/en\/about-festival\/#primaryimage\",\"url\":\"https:\/\/www.oovalgel.ee\/wp-content\/uploads\/2023\/02\/OOVALGEL_KOOS-1.png\",\"contentUrl\":\"https:\/\/www.oovalgel.ee\/wp-content\/uploads\/2023\/02\/OOVALGEL_KOOS-1.png\"},{\"@type\":\"BreadcrumbList\",\"@id\":\"https:\/\/www.oovalgel.ee\/en\/about-festival\/#breadcrumb\",\"itemListElement\":[{\"@type\":\"ListItem\",\"position\":1,\"name\":\"Home\",\"item\":\"https:\/\/www.oovalgel.ee\/\"},{\"@type\":\"ListItem\",\"position\":2,\"name\":\"Festivalist\"}]},{\"@type\":\"WebSite\",\"@id\":\"https:\/\/www.oovalgel.ee\/#website\",\"url\":\"https:\/\/www.oovalgel.ee\/\",\"name\":\"\u00d6\u00f6valgel\",\"description\":\"\",\"publisher\":{\"@id\":\"https:\/\/www.oovalgel.ee\/#organization\"},\"potentialAction\":[{\"@type\":\"SearchAction\",\"target\":{\"@type\":\"EntryPoint\",\"urlTemplate\":\"https:\/\/www.oovalgel.ee\/?s={search_term_string}\"},\"query-input\":\"required name=search_term_string\"}],\"inLanguage\":\"en-US\"},{\"@type\":\"Organization\",\"@id\":\"https:\/\/www.oovalgel.ee\/#organization\",\"name\":\"\u00d6\u00f6valgel\",\"url\":\"https:\/\/www.oovalgel.ee\/\",\"logo\":{\"@type\":\"ImageObject\",\"inLanguage\":\"en-US\",\"@id\":\"https:\/\/www.oovalgel.ee\/#\/schema\/logo\/image\/\",\"url\":\"https:\/\/www.oovalgel.ee\/wp-content\/uploads\/2022\/06\/Logo_koos_EN-2.png\",\"contentUrl\":\"https:\/\/www.oovalgel.ee\/wp-content\/uploads\/2022\/06\/Logo_koos_EN-2.png\",\"width\":400,\"height\":188,\"caption\":\"\u00d6\u00f6valgel\"},\"image\":{\"@id\":\"https:\/\/www.oovalgel.ee\/#\/schema\/logo\/image\/\"}}]}<\/script>\n<!-- \/ Yoast SEO plugin. -->","yoast_head_json":{"title":"Festivalist - \u00d6\u00f6valgel","robots":{"index":"index","follow":"follow","max-snippet":"max-snippet:-1","max-image-preview":"max-image-preview:large","max-video-preview":"max-video-preview:-1"},"canonical":"https:\/\/www.oovalgel.ee\/en\/about-festival\/","og_locale":"en_US","og_type":"article","og_title":"Festivalist - \u00d6\u00f6valgel","og_description":"The annual light theatre festival \u00d6\u00d6valgel, which takes place on the last weekend of September, is the largest cultural event in P\u00e4rnu, where light projection shows are performed in various locations in the city of P\u00e4rnu three evenings in a row. It is a festival of light theater, where stories are told through light and [&hellip;]","og_url":"https:\/\/www.oovalgel.ee\/en\/about-festival\/","og_site_name":"\u00d6\u00f6valgel","article_modified_time":"2023-11-11T08:40:23+00:00","og_image":[{"url":"https:\/\/www.oovalgel.ee\/wp-content\/uploads\/2023\/02\/OOVALGEL_KOOS-1.png"}],"twitter_card":"summary_large_image","twitter_misc":{"Est. reading time":"1 minute"},"schema":{"@context":"https:\/\/schema.org","@graph":[{"@type":"WebPage","@id":"https:\/\/www.oovalgel.ee\/en\/about-festival\/","url":"https:\/\/www.oovalgel.ee\/en\/about-festival\/","name":"Festivalist - \u00d6\u00f6valgel","isPartOf":{"@id":"https:\/\/www.oovalgel.ee\/#website"},"primaryImageOfPage":{"@id":"https:\/\/www.oovalgel.ee\/en\/about-festival\/#primaryimage"},"image":{"@id":"https:\/\/www.oovalgel.ee\/en\/about-festival\/#primaryimage"},"thumbnailUrl":"https:\/\/www.oovalgel.ee\/wp-content\/uploads\/2023\/02\/OOVALGEL_KOOS-1.png","datePublished":"2020-05-19T08:28:31+00:00","dateModified":"2023-11-11T08:40:23+00:00","breadcrumb":{"@id":"https:\/\/www.oovalgel.ee\/en\/about-festival\/#breadcrumb"},"inLanguage":"en-US","potentialAction":[{"@type":"ReadAction","target":["https:\/\/www.oovalgel.ee\/en\/about-festival\/"]}]},{"@type":"ImageObject","inLanguage":"en-US","@id":"https:\/\/www.oovalgel.ee\/en\/about-festival\/#primaryimage","url":"https:\/\/www.oovalgel.ee\/wp-content\/uploads\/2023\/02\/OOVALGEL_KOOS-1.png","contentUrl":"https:\/\/www.oovalgel.ee\/wp-content\/uploads\/2023\/02\/OOVALGEL_KOOS-1.png"},{"@type":"BreadcrumbList","@id":"https:\/\/www.oovalgel.ee\/en\/about-festival\/#breadcrumb","itemListElement":[{"@type":"ListItem","position":1,"name":"Home","item":"https:\/\/www.oovalgel.ee\/"},{"@type":"ListItem","position":2,"name":"Festivalist"}]},{"@type":"WebSite","@id":"https:\/\/www.oovalgel.ee\/#website","url":"https:\/\/www.oovalgel.ee\/","name":"\u00d6\u00f6valgel","description":"","publisher":{"@id":"https:\/\/www.oovalgel.ee\/#organization"},"potentialAction":[{"@type":"SearchAction","target":{"@type":"EntryPoint","urlTemplate":"https:\/\/www.oovalgel.ee\/?s={search_term_string}"},"query-input":"required name=search_term_string"}],"inLanguage":"en-US"},{"@type":"Organization","@id":"https:\/\/www.oovalgel.ee\/#organization","name":"\u00d6\u00f6valgel","url":"https:\/\/www.oovalgel.ee\/","logo":{"@type":"ImageObject","inLanguage":"en-US","@id":"https:\/\/www.oovalgel.ee\/#\/schema\/logo\/image\/","url":"https:\/\/www.oovalgel.ee\/wp-content\/uploads\/2022\/06\/Logo_koos_EN-2.png","contentUrl":"https:\/\/www.oovalgel.ee\/wp-content\/uploads\/2022\/06\/Logo_koos_EN-2.png","width":400,"height":188,"caption":"\u00d6\u00f6valgel"},"image":{"@id":"https:\/\/www.oovalgel.ee\/#\/schema\/logo\/image\/"}}]}},"_links":{"self":[{"href":"https:\/\/www.oovalgel.ee\/en\/wp-json\/wp\/v2\/pages\/719","targetHints":{"allow":["GET"]}}],"collection":[{"href":"https:\/\/www.oovalgel.ee\/en\/wp-json\/wp\/v2\/pages"}],"about":[{"href":"https:\/\/www.oovalgel.ee\/en\/wp-json\/wp\/v2\/types\/page"}],"author":[{"embeddable":true,"href":"https:\/\/www.oovalgel.ee\/en\/wp-json\/wp\/v2\/users\/8"}],"replies":[{"embeddable":true,"href":"https:\/\/www.oovalgel.ee\/en\/wp-json\/wp\/v2\/comments?post=719"}],"version-history":[{"count":69,"href":"https:\/\/www.oovalgel.ee\/en\/wp-json\/wp\/v2\/pages\/719\/revisions"}],"predecessor-version":[{"id":9244,"href":"https:\/\/www.oovalgel.ee\/en\/wp-json\/wp\/v2\/pages\/719\/revisions\/9244"}],"wp:attachment":[{"href":"https:\/\/www.oovalgel.ee\/en\/wp-json\/wp\/v2\/media?parent=719"}],"curies":[{"name":"wp","href":"https:\/\/api.w.org\/{rel}","templated":true}]}}