{"id":11318,"date":"2024-08-22T10:08:04","date_gmt":"2024-08-22T07:08:04","guid":{"rendered":"https:\/\/www.oovalgel.ee\/sponsors\/"},"modified":"2026-03-26T11:29:01","modified_gmt":"2026-03-26T09:29:01","slug":"sponsors","status":"publish","type":"page","link":"https:\/\/www.oovalgel.ee\/en\/sponsors\/","title":{"rendered":"Sponsors"},"content":{"rendered":"\t\t<div data-elementor-type=\"wp-page\" data-elementor-id=\"11318\" class=\"elementor elementor-11318 elementor-20\" data-elementor-post-type=\"page\">\n\t\t\t\t\t\t<section class=\"elementor-section elementor-top-section elementor-element elementor-element-640bcac elementor-section-boxed elementor-section-height-default elementor-section-height-default\" data-id=\"640bcac\" data-element_type=\"section\">\n\t\t\t\t\t\t<div class=\"elementor-container elementor-column-gap-default\">\n\t\t\t\t\t<div class=\"elementor-column elementor-col-100 elementor-top-column elementor-element elementor-element-f36d978\" data-id=\"f36d978\" data-element_type=\"column\">\n\t\t\t<div class=\"elementor-widget-wrap\">\n\t\t\t\t\t\t\t<\/div>\n\t\t<\/div>\n\t\t\t\t\t<\/div>\n\t\t<\/section>\n\t\t\t\t<section class=\"elementor-section elementor-top-section elementor-element elementor-element-747bf4d elementor-section-boxed elementor-section-height-default elementor-section-height-default\" data-id=\"747bf4d\" data-element_type=\"section\">\n\t\t\t\t\t\t<div class=\"elementor-container elementor-column-gap-default\">\n\t\t\t\t\t<div class=\"elementor-column elementor-col-100 elementor-top-column elementor-element elementor-element-a26d9a4\" data-id=\"a26d9a4\" data-element_type=\"column\">\n\t\t\t<div class=\"elementor-widget-wrap elementor-element-populated\">\n\t\t\t\t\t\t<div class=\"elementor-element elementor-element-93d3164 elementor-widget elementor-widget-heading\" data-id=\"93d3164\" data-element_type=\"widget\" data-widget_type=\"heading.default\">\n\t\t\t\t<div class=\"elementor-widget-container\">\n\t\t\t<style>\/*! elementor - v3.23.0 - 05-08-2024 *\/\n.elementor-heading-title{padding:0;margin:0;line-height:1}.elementor-widget-heading .elementor-heading-title[class*=elementor-size-]>a{color:inherit;font-size:inherit;line-height:inherit}.elementor-widget-heading .elementor-heading-title.elementor-size-small{font-size:15px}.elementor-widget-heading .elementor-heading-title.elementor-size-medium{font-size:19px}.elementor-widget-heading .elementor-heading-title.elementor-size-large{font-size:29px}.elementor-widget-heading .elementor-heading-title.elementor-size-xl{font-size:39px}.elementor-widget-heading .elementor-heading-title.elementor-size-xxl{font-size:59px}<\/style><h2 class=\"elementor-heading-title elementor-size-default\">Accommodation partners<\/h2>\t\t<\/div>\n\t\t\t\t<\/div>\n\t\t\t\t\t<\/div>\n\t\t<\/div>\n\t\t\t\t\t<\/div>\n\t\t<\/section>\n\t\t\t\t<section class=\"elementor-section elementor-top-section elementor-element elementor-element-0c36bf8 elementor-section-boxed elementor-section-height-default elementor-section-height-default\" data-id=\"0c36bf8\" data-element_type=\"section\">\n\t\t\t\t\t\t<div class=\"elementor-container elementor-column-gap-default\">\n\t\t\t\t\t<div class=\"elementor-column elementor-col-100 elementor-top-column elementor-element elementor-element-6945647\" data-id=\"6945647\" data-element_type=\"column\">\n\t\t\t<div class=\"elementor-widget-wrap elementor-element-populated\">\n\t\t\t\t\t\t<div class=\"elementor-element elementor-element-d10f21d elementor-widget elementor-widget-text-editor\" data-id=\"d10f21d\" data-element_type=\"widget\" data-widget_type=\"text-editor.default\">\n\t\t\t\t<div class=\"elementor-widget-container\">\n\t\t\t<style>\/*! elementor - v3.23.0 - 05-08-2024 *\/\n.elementor-widget-text-editor.elementor-drop-cap-view-stacked .elementor-drop-cap{background-color:#69727d;color:#fff}.elementor-widget-text-editor.elementor-drop-cap-view-framed .elementor-drop-cap{color:#69727d;border:3px solid;background-color:transparent}.elementor-widget-text-editor:not(.elementor-drop-cap-view-default) .elementor-drop-cap{margin-top:8px}.elementor-widget-text-editor:not(.elementor-drop-cap-view-default) .elementor-drop-cap-letter{width:1em;height:1em}.elementor-widget-text-editor .elementor-drop-cap{float:left;text-align:center;line-height:1;font-size:50px}.elementor-widget-text-editor .elementor-drop-cap-letter{display:inline-block}<\/style>\t\t\t\t<p><a href=\"https:\/\/www.spaestonia.ee\/resort\/en\/events\/light-theatre-festival-oovalgel\/\">ESTONIA Resort Hotel &amp; Spa<\/a><\/p><p><a href=\"https:\/\/www.spaestonia.ee\/medical\/en\/special-spa-offers\/light-theatre-festival-oovalgel\/\">ESTONIA Medical Spa &amp; Hotel<\/a><\/p><p><a href=\"https:\/\/wesset.ee\/en\/\">Hotel Villa Wesset<\/a><\/p><p><a href=\"https:\/\/ammende.ee\/en\/\">Villa Ammende<\/a><\/p><p><a href=\"https:\/\/www.hestiahotels.com\/strand\/en\/\">Hestia Hotel Strand<\/a><\/p><p><a href=\"https:\/\/victoriahotel.ee\/eng\/\">Hotel Victoria<\/a><\/p><p><a href=\"https:\/\/legend.ee\/en\/\">Hotel Legend<\/a><\/p><p><a href=\"https:\/\/wasahotels.ee\/resort\/kuupakkumised\/\">Wasa Resort<\/a><\/p>\t\t\t\t\t\t<\/div>\n\t\t\t\t<\/div>\n\t\t\t\t\t<\/div>\n\t\t<\/div>\n\t\t\t\t\t<\/div>\n\t\t<\/section>\n\t\t\t\t<section class=\"elementor-section elementor-top-section elementor-element elementor-element-92c10d7 elementor-section-boxed elementor-section-height-default elementor-section-height-default\" data-id=\"92c10d7\" data-element_type=\"section\">\n\t\t\t\t\t\t<div class=\"elementor-container elementor-column-gap-default\">\n\t\t\t\t\t<div class=\"elementor-column elementor-col-100 elementor-top-column elementor-element elementor-element-458f9a4\" data-id=\"458f9a4\" data-element_type=\"column\">\n\t\t\t<div class=\"elementor-widget-wrap elementor-element-populated\">\n\t\t\t\t\t\t<div class=\"elementor-element elementor-element-d8c600e elementor-hidden-widescreen elementor-hidden-desktop elementor-hidden-laptop elementor-hidden-tablet elementor-hidden-mobile elementor-widget elementor-widget-heading\" data-id=\"d8c600e\" data-element_type=\"widget\" data-widget_type=\"heading.default\">\n\t\t\t\t<div class=\"elementor-widget-container\">\n\t\t\t<h2 class=\"elementor-heading-title elementor-size-default\">COLLABORATION PARTNER<\/h2>\t\t<\/div>\n\t\t\t\t<\/div>\n\t\t\t\t\t<\/div>\n\t\t<\/div>\n\t\t\t\t\t<\/div>\n\t\t<\/section>\n\t\t\t\t<section class=\"elementor-section elementor-top-section elementor-element elementor-element-048bc68 elementor-section-boxed elementor-section-height-default elementor-section-height-default\" data-id=\"048bc68\" data-element_type=\"section\">\n\t\t\t\t\t\t<div class=\"elementor-container elementor-column-gap-default\">\n\t\t\t\t\t<div class=\"elementor-column elementor-col-100 elementor-top-column elementor-element elementor-element-f0cce11\" data-id=\"f0cce11\" data-element_type=\"column\">\n\t\t\t<div class=\"elementor-widget-wrap elementor-element-populated\">\n\t\t\t\t\t\t<div class=\"elementor-element elementor-element-937eda9 elementor-hidden-widescreen elementor-hidden-desktop elementor-hidden-laptop elementor-hidden-tablet elementor-hidden-mobile elementor-widget elementor-widget-text-editor\" data-id=\"937eda9\" data-element_type=\"widget\" data-widget_type=\"text-editor.default\">\n\t\t\t\t<div class=\"elementor-widget-container\">\n\t\t\t\t\t\t\t<p><a href=\"https:\/\/duun.ee\/en\/\">D\u00fc\u00fcn Beach Club<\/a><\/p>\t\t\t\t\t\t<\/div>\n\t\t\t\t<\/div>\n\t\t\t\t\t<\/div>\n\t\t<\/div>\n\t\t\t\t\t<\/div>\n\t\t<\/section>\n\t\t\t\t<section class=\"elementor-section elementor-top-section elementor-element elementor-element-42de647 elementor-section-boxed elementor-section-height-default elementor-section-height-default\" data-id=\"42de647\" data-element_type=\"section\">\n\t\t\t\t\t\t<div class=\"elementor-container elementor-column-gap-default\">\n\t\t\t\t\t<div class=\"elementor-column elementor-col-100 elementor-top-column elementor-element elementor-element-8b6b9ba\" data-id=\"8b6b9ba\" data-element_type=\"column\">\n\t\t\t<div class=\"elementor-widget-wrap elementor-element-populated\">\n\t\t\t\t\t\t<div class=\"elementor-element elementor-element-cdb543f elementor-hidden-widescreen elementor-hidden-desktop elementor-hidden-laptop elementor-hidden-tablet elementor-hidden-mobile elementor-widget elementor-widget-heading\" data-id=\"cdb543f\" data-element_type=\"widget\" data-widget_type=\"heading.default\">\n\t\t\t\t<div class=\"elementor-widget-container\">\n\t\t\t<h2 class=\"elementor-heading-title elementor-size-default\">MAJOR SPONSORS<\/h2>\t\t<\/div>\n\t\t\t\t<\/div>\n\t\t\t\t\t<\/div>\n\t\t<\/div>\n\t\t\t\t\t<\/div>\n\t\t<\/section>\n\t\t\t\t<section class=\"elementor-section elementor-top-section elementor-element elementor-element-e4a5f21 elementor-section-boxed elementor-section-height-default elementor-section-height-default\" data-id=\"e4a5f21\" data-element_type=\"section\">\n\t\t\t\t\t\t<div class=\"elementor-container elementor-column-gap-default\">\n\t\t\t\t\t<div class=\"elementor-column elementor-col-100 elementor-top-column elementor-element elementor-element-04e672b\" data-id=\"04e672b\" data-element_type=\"column\">\n\t\t\t<div class=\"elementor-widget-wrap elementor-element-populated\">\n\t\t\t\t\t\t<div class=\"elementor-element elementor-element-8e3f0de elementor-hidden-widescreen elementor-hidden-desktop elementor-hidden-laptop elementor-hidden-tablet elementor-hidden-mobile elementor-widget elementor-widget-text-editor\" data-id=\"8e3f0de\" data-element_type=\"widget\" data-widget_type=\"text-editor.default\">\n\t\t\t\t<div class=\"elementor-widget-container\">\n\t\t\t\t\t\t\t<p><a href=\"https:\/\/parnu.ee\/en\/home\/general-information\"><strong>P\u00e4rnu City Government<\/strong><\/a>\u00a0<\/p><p><a href=\"https:\/\/gren.com\/uk\/\"><strong>Gren<\/strong><\/a><\/p>\t\t\t\t\t\t<\/div>\n\t\t\t\t<\/div>\n\t\t\t\t\t<\/div>\n\t\t<\/div>\n\t\t\t\t\t<\/div>\n\t\t<\/section>\n\t\t\t\t<section class=\"elementor-section elementor-top-section elementor-element elementor-element-c0c32da elementor-section-boxed elementor-section-height-default elementor-section-height-default\" data-id=\"c0c32da\" data-element_type=\"section\">\n\t\t\t\t\t\t<div class=\"elementor-container elementor-column-gap-default\">\n\t\t\t\t\t<div class=\"elementor-column elementor-col-100 elementor-top-column elementor-element elementor-element-040b211\" data-id=\"040b211\" data-element_type=\"column\">\n\t\t\t<div class=\"elementor-widget-wrap elementor-element-populated\">\n\t\t\t\t\t\t<div class=\"elementor-element elementor-element-d5f0d63 elementor-hidden-widescreen elementor-hidden-desktop elementor-hidden-laptop elementor-hidden-tablet elementor-hidden-mobile elementor-widget elementor-widget-heading\" data-id=\"d5f0d63\" data-element_type=\"widget\" data-widget_type=\"heading.default\">\n\t\t\t\t<div class=\"elementor-widget-container\">\n\t\t\t<h2 class=\"elementor-heading-title elementor-size-default\">SPONSORS<\/h2>\t\t<\/div>\n\t\t\t\t<\/div>\n\t\t\t\t\t<\/div>\n\t\t<\/div>\n\t\t\t\t\t<\/div>\n\t\t<\/section>\n\t\t\t\t<section class=\"elementor-section elementor-top-section elementor-element elementor-element-55d4171 elementor-section-boxed elementor-section-height-default elementor-section-height-default\" data-id=\"55d4171\" data-element_type=\"section\">\n\t\t\t\t\t\t<div class=\"elementor-container elementor-column-gap-default\">\n\t\t\t\t\t<div class=\"elementor-column elementor-col-100 elementor-top-column elementor-element elementor-element-314eff5\" data-id=\"314eff5\" data-element_type=\"column\">\n\t\t\t<div class=\"elementor-widget-wrap elementor-element-populated\">\n\t\t\t\t\t\t<div class=\"elementor-element elementor-element-3a37c61 elementor-hidden-widescreen elementor-hidden-desktop elementor-hidden-laptop elementor-hidden-tablet elementor-hidden-mobile elementor-widget elementor-widget-text-editor\" data-id=\"3a37c61\" data-element_type=\"widget\" data-widget_type=\"text-editor.default\">\n\t\t\t\t<div class=\"elementor-widget-container\">\n\t\t\t\t\t\t\t<p><a href=\"https:\/\/pol.parnumaa.ee\/\"><strong>Association of Local Authorities of P\u00e4rnu County<\/strong><\/a><\/p><p><a href=\"https:\/\/wesset.ee\/en\/\"><strong>Villa Wesset<\/strong><\/a><\/p><p><a href=\"https:\/\/www.hestiahotels.com\/strand\/en\/\"><strong>Hestia Hotel Strand<\/strong><\/a><\/p><p><a href=\"https:\/\/spatervis.ee\/en\/resort-treatment-packages\/\"><strong>Tervis ravispaa<\/strong><\/a><\/p>\t\t\t\t\t\t<\/div>\n\t\t\t\t<\/div>\n\t\t\t\t\t<\/div>\n\t\t<\/div>\n\t\t\t\t\t<\/div>\n\t\t<\/section>\n\t\t\t\t<section class=\"elementor-section elementor-top-section elementor-element elementor-element-524b9ce elementor-section-boxed elementor-section-height-default elementor-section-height-default\" data-id=\"524b9ce\" data-element_type=\"section\">\n\t\t\t\t\t\t<div class=\"elementor-container elementor-column-gap-default\">\n\t\t\t\t\t<div class=\"elementor-column elementor-col-100 elementor-top-column elementor-element elementor-element-00ad170\" data-id=\"00ad170\" data-element_type=\"column\">\n\t\t\t<div class=\"elementor-widget-wrap\">\n\t\t\t\t\t\t\t<\/div>\n\t\t<\/div>\n\t\t\t\t\t<\/div>\n\t\t<\/section>\n\t\t\t\t<\/div>\n\t\t","protected":false},"excerpt":{"rendered":"<p>Accommodation partners ESTONIA Resort Hotel &amp; Spa ESTONIA Medical Spa &amp; Hotel Hotel Villa Wesset Villa Ammende Hestia Hotel Strand Hotel Victoria Hotel Legend Wasa Resort COLLABORATION PARTNER D\u00fc\u00fcn Beach Club MAJOR SPONSORS P\u00e4rnu City Government\u00a0 Gren SPONSORS Association of Local Authorities of P\u00e4rnu County Villa Wesset Hestia Hotel Strand Tervis ravispaa<\/p>\n","protected":false},"author":8,"featured_media":0,"parent":0,"menu_order":0,"comment_status":"closed","ping_status":"closed","template":"","meta":{"_exactmetrics_skip_tracking":false,"_exactmetrics_sitenote_active":false,"_exactmetrics_sitenote_note":"","_exactmetrics_sitenote_category":0,"footnotes":""},"class_list":["post-11318","page","type-page","status-publish","hentry"],"yoast_head":"<!-- This site is optimized with the Yoast SEO plugin v23.3 - https:\/\/yoast.com\/wordpress\/plugins\/seo\/ -->\n<title>Sponsors - \u00d6\u00f6valgel<\/title>\n<meta name=\"robots\" content=\"index, follow, max-snippet:-1, max-image-preview:large, max-video-preview:-1\" \/>\n<link rel=\"canonical\" href=\"https:\/\/www.oovalgel.ee\/toetajad\/\" \/>\n<meta property=\"og:locale\" content=\"en_US\" \/>\n<meta property=\"og:type\" content=\"article\" \/>\n<meta property=\"og:title\" content=\"Sponsors - \u00d6\u00f6valgel\" \/>\n<meta property=\"og:description\" content=\"Accommodation partners ESTONIA Resort Hotel &amp; Spa ESTONIA Medical Spa &amp; Hotel Hotel Villa Wesset Villa Ammende Hestia Hotel Strand Hotel Victoria Hotel Legend Wasa Resort COLLABORATION PARTNER D\u00fc\u00fcn Beach Club MAJOR SPONSORS P\u00e4rnu City Government\u00a0 Gren SPONSORS Association of Local Authorities of P\u00e4rnu County Villa Wesset Hestia Hotel Strand Tervis ravispaa\" \/>\n<meta property=\"og:url\" content=\"https:\/\/www.oovalgel.ee\/toetajad\/\" \/>\n<meta property=\"og:site_name\" content=\"\u00d6\u00f6valgel\" \/>\n<meta property=\"article:modified_time\" content=\"2026-03-26T09:29:01+00:00\" \/>\n<meta name=\"twitter:card\" content=\"summary_large_image\" \/>\n<meta name=\"twitter:label1\" content=\"Est. reading time\" \/>\n\t<meta name=\"twitter:data1\" content=\"1 minute\" \/>\n<script type=\"application\/ld+json\" class=\"yoast-schema-graph\">{\"@context\":\"https:\/\/schema.org\",\"@graph\":[{\"@type\":\"WebPage\",\"@id\":\"https:\/\/www.oovalgel.ee\/toetajad\/\",\"url\":\"https:\/\/www.oovalgel.ee\/toetajad\/\",\"name\":\"Sponsors - \u00d6\u00f6valgel\",\"isPartOf\":{\"@id\":\"https:\/\/www.oovalgel.ee\/#website\"},\"datePublished\":\"2024-08-22T07:08:04+00:00\",\"dateModified\":\"2026-03-26T09:29:01+00:00\",\"breadcrumb\":{\"@id\":\"https:\/\/www.oovalgel.ee\/toetajad\/#breadcrumb\"},\"inLanguage\":\"en-US\",\"potentialAction\":[{\"@type\":\"ReadAction\",\"target\":[\"https:\/\/www.oovalgel.ee\/toetajad\/\"]}]},{\"@type\":\"BreadcrumbList\",\"@id\":\"https:\/\/www.oovalgel.ee\/toetajad\/#breadcrumb\",\"itemListElement\":[{\"@type\":\"ListItem\",\"position\":1,\"name\":\"Home\",\"item\":\"https:\/\/www.oovalgel.ee\/\"},{\"@type\":\"ListItem\",\"position\":2,\"name\":\"Sponsors\"}]},{\"@type\":\"WebSite\",\"@id\":\"https:\/\/www.oovalgel.ee\/#website\",\"url\":\"https:\/\/www.oovalgel.ee\/\",\"name\":\"\u00d6\u00f6valgel\",\"description\":\"\",\"publisher\":{\"@id\":\"https:\/\/www.oovalgel.ee\/#organization\"},\"potentialAction\":[{\"@type\":\"SearchAction\",\"target\":{\"@type\":\"EntryPoint\",\"urlTemplate\":\"https:\/\/www.oovalgel.ee\/?s={search_term_string}\"},\"query-input\":\"required name=search_term_string\"}],\"inLanguage\":\"en-US\"},{\"@type\":\"Organization\",\"@id\":\"https:\/\/www.oovalgel.ee\/#organization\",\"name\":\"\u00d6\u00f6valgel\",\"url\":\"https:\/\/www.oovalgel.ee\/\",\"logo\":{\"@type\":\"ImageObject\",\"inLanguage\":\"en-US\",\"@id\":\"https:\/\/www.oovalgel.ee\/#\/schema\/logo\/image\/\",\"url\":\"https:\/\/www.oovalgel.ee\/wp-content\/uploads\/2022\/06\/Logo_koos_EN-2.png\",\"contentUrl\":\"https:\/\/www.oovalgel.ee\/wp-content\/uploads\/2022\/06\/Logo_koos_EN-2.png\",\"width\":400,\"height\":188,\"caption\":\"\u00d6\u00f6valgel\"},\"image\":{\"@id\":\"https:\/\/www.oovalgel.ee\/#\/schema\/logo\/image\/\"}}]}<\/script>\n<!-- \/ Yoast SEO plugin. -->","yoast_head_json":{"title":"Sponsors - \u00d6\u00f6valgel","robots":{"index":"index","follow":"follow","max-snippet":"max-snippet:-1","max-image-preview":"max-image-preview:large","max-video-preview":"max-video-preview:-1"},"canonical":"https:\/\/www.oovalgel.ee\/toetajad\/","og_locale":"en_US","og_type":"article","og_title":"Sponsors - \u00d6\u00f6valgel","og_description":"Accommodation partners ESTONIA Resort Hotel &amp; Spa ESTONIA Medical Spa &amp; Hotel Hotel Villa Wesset Villa Ammende Hestia Hotel Strand Hotel Victoria Hotel Legend Wasa Resort COLLABORATION PARTNER D\u00fc\u00fcn Beach Club MAJOR SPONSORS P\u00e4rnu City Government\u00a0 Gren SPONSORS Association of Local Authorities of P\u00e4rnu County Villa Wesset Hestia Hotel Strand Tervis ravispaa","og_url":"https:\/\/www.oovalgel.ee\/toetajad\/","og_site_name":"\u00d6\u00f6valgel","article_modified_time":"2026-03-26T09:29:01+00:00","twitter_card":"summary_large_image","twitter_misc":{"Est. reading time":"1 minute"},"schema":{"@context":"https:\/\/schema.org","@graph":[{"@type":"WebPage","@id":"https:\/\/www.oovalgel.ee\/toetajad\/","url":"https:\/\/www.oovalgel.ee\/toetajad\/","name":"Sponsors - \u00d6\u00f6valgel","isPartOf":{"@id":"https:\/\/www.oovalgel.ee\/#website"},"datePublished":"2024-08-22T07:08:04+00:00","dateModified":"2026-03-26T09:29:01+00:00","breadcrumb":{"@id":"https:\/\/www.oovalgel.ee\/toetajad\/#breadcrumb"},"inLanguage":"en-US","potentialAction":[{"@type":"ReadAction","target":["https:\/\/www.oovalgel.ee\/toetajad\/"]}]},{"@type":"BreadcrumbList","@id":"https:\/\/www.oovalgel.ee\/toetajad\/#breadcrumb","itemListElement":[{"@type":"ListItem","position":1,"name":"Home","item":"https:\/\/www.oovalgel.ee\/"},{"@type":"ListItem","position":2,"name":"Sponsors"}]},{"@type":"WebSite","@id":"https:\/\/www.oovalgel.ee\/#website","url":"https:\/\/www.oovalgel.ee\/","name":"\u00d6\u00f6valgel","description":"","publisher":{"@id":"https:\/\/www.oovalgel.ee\/#organization"},"potentialAction":[{"@type":"SearchAction","target":{"@type":"EntryPoint","urlTemplate":"https:\/\/www.oovalgel.ee\/?s={search_term_string}"},"query-input":"required name=search_term_string"}],"inLanguage":"en-US"},{"@type":"Organization","@id":"https:\/\/www.oovalgel.ee\/#organization","name":"\u00d6\u00f6valgel","url":"https:\/\/www.oovalgel.ee\/","logo":{"@type":"ImageObject","inLanguage":"en-US","@id":"https:\/\/www.oovalgel.ee\/#\/schema\/logo\/image\/","url":"https:\/\/www.oovalgel.ee\/wp-content\/uploads\/2022\/06\/Logo_koos_EN-2.png","contentUrl":"https:\/\/www.oovalgel.ee\/wp-content\/uploads\/2022\/06\/Logo_koos_EN-2.png","width":400,"height":188,"caption":"\u00d6\u00f6valgel"},"image":{"@id":"https:\/\/www.oovalgel.ee\/#\/schema\/logo\/image\/"}}]}},"_links":{"self":[{"href":"https:\/\/www.oovalgel.ee\/en\/wp-json\/wp\/v2\/pages\/11318","targetHints":{"allow":["GET"]}}],"collection":[{"href":"https:\/\/www.oovalgel.ee\/en\/wp-json\/wp\/v2\/pages"}],"about":[{"href":"https:\/\/www.oovalgel.ee\/en\/wp-json\/wp\/v2\/types\/page"}],"author":[{"embeddable":true,"href":"https:\/\/www.oovalgel.ee\/en\/wp-json\/wp\/v2\/users\/8"}],"replies":[{"embeddable":true,"href":"https:\/\/www.oovalgel.ee\/en\/wp-json\/wp\/v2\/comments?post=11318"}],"version-history":[{"count":56,"href":"https:\/\/www.oovalgel.ee\/en\/wp-json\/wp\/v2\/pages\/11318\/revisions"}],"predecessor-version":[{"id":13219,"href":"https:\/\/www.oovalgel.ee\/en\/wp-json\/wp\/v2\/pages\/11318\/revisions\/13219"}],"wp:attachment":[{"href":"https:\/\/www.oovalgel.ee\/en\/wp-json\/wp\/v2\/media?parent=11318"}],"curies":[{"name":"wp","href":"https:\/\/api.w.org\/{rel}","templated":true}]}}