{"id":10325,"date":"2024-02-21T13:11:37","date_gmt":"2024-02-21T11:11:37","guid":{"rendered":"https:\/\/www.oovalgel.ee\/festivalist\/"},"modified":"2026-03-26T12:01:06","modified_gmt":"2026-03-26T10:01:06","slug":"festivalist","status":"publish","type":"page","link":"https:\/\/www.oovalgel.ee\/en\/festivalist\/","title":{"rendered":"About Festival"},"content":{"rendered":"\t\t<div data-elementor-type=\"wp-page\" data-elementor-id=\"10325\" class=\"elementor elementor-10325 elementor-9639\" data-elementor-post-type=\"page\">\n\t\t\t\t\t\t<section class=\"elementor-section elementor-top-section elementor-element elementor-element-086f420 elementor-section-full_width elementor-section-height-min-height elementor-section-height-default elementor-section-items-middle\" data-id=\"086f420\" data-element_type=\"section\">\n\t\t\t\t\t\t<div class=\"elementor-container elementor-column-gap-default\">\n\t\t\t\t\t<div class=\"elementor-column elementor-col-50 elementor-top-column elementor-element elementor-element-aa72824\" data-id=\"aa72824\" data-element_type=\"column\">\n\t\t\t<div class=\"elementor-widget-wrap elementor-element-populated\">\n\t\t\t\t\t\t<div class=\"elementor-element elementor-element-42b424d elementor-widget-laptop__width-initial elementor-widget elementor-widget-text-editor\" data-id=\"42b424d\" data-element_type=\"widget\" data-widget_type=\"text-editor.default\">\n\t\t\t\t<div class=\"elementor-widget-container\">\n\t\t\t<style>\/*! elementor - v3.23.0 - 05-08-2024 *\/\n.elementor-widget-text-editor.elementor-drop-cap-view-stacked .elementor-drop-cap{background-color:#69727d;color:#fff}.elementor-widget-text-editor.elementor-drop-cap-view-framed .elementor-drop-cap{color:#69727d;border:3px solid;background-color:transparent}.elementor-widget-text-editor:not(.elementor-drop-cap-view-default) .elementor-drop-cap{margin-top:8px}.elementor-widget-text-editor:not(.elementor-drop-cap-view-default) .elementor-drop-cap-letter{width:1em;height:1em}.elementor-widget-text-editor .elementor-drop-cap{float:left;text-align:center;line-height:1;font-size:50px}.elementor-widget-text-editor .elementor-drop-cap-letter{display:inline-block}<\/style>\t\t\t\t<p>The P\u00e4rnu Light Theatre Festival &#8220;\u00d6\u00d6valgel&#8221; is a visual theater festival. The program consists of performances where, in addition to the performers, modern visual technology serves as the main means of storytelling. The festival is one of the largest cultural events in P\u00e4rnu, attracting a significant number of visitors. It is transcultural and understandable regardless of the viewer&#8217;s nationality.<\/p><p>For the first time, the festival extends indoors. At St. Elizabeth&#8217;s Church, three unique performances will take place, combining light, lasers, projections, and music to create two concert experiences and one visual show designed for younger audiences. Each performance in St. Elizabeth&#8217;s Church will be presented once on each of the three festival days. All performances taking place in St. Elizabeth\u2019s Church are ticketed. Buy your ticket <a href=\"https:\/\/www.piletilevi.ee\/en\/series\/QAXIP7WDJC\/parnu-valgusteatri-festival-oovalgel\">here.<\/a><\/p><p>Every evening, in addition to the ticketed church performances, three free outdoor visual theatre shows will invite audiences on a walk through P\u00e4rnu\u2019s city center.<\/p><p>We recommend spreading your cultural getaway over multiple days, allowing you to not only enjoy the festival but also explore the best cafes and restaurants P\u00e4rnu has to offer.<\/p><p>Find more information about traveling in Estonia <strong><a href=\"https:\/\/www.visitestonia.com\/en\/\">here<\/a><\/strong> and about traveling in P\u00e4rnu <strong><a href=\"https:\/\/visitparnu.com\/en\/\">here<\/a><\/strong>.<\/p><p>Photos from the festival can be seen<strong> <a href=\"https:\/\/www.oovalgel.ee\/en\/gallery\/\">here<\/a><\/strong>.<\/p>\t\t\t\t\t\t<\/div>\n\t\t\t\t<\/div>\n\t\t\t\t\t<\/div>\n\t\t<\/div>\n\t\t\t\t<div class=\"elementor-column elementor-col-50 elementor-top-column elementor-element elementor-element-a8ea0f4\" data-id=\"a8ea0f4\" data-element_type=\"column\">\n\t\t\t<div class=\"elementor-widget-wrap\">\n\t\t\t\t\t\t\t<\/div>\n\t\t<\/div>\n\t\t\t\t\t<\/div>\n\t\t<\/section>\n\t\t\t\t<section class=\"elementor-section elementor-top-section elementor-element elementor-element-fac5bd8 elementor-section-boxed elementor-section-height-default elementor-section-height-default\" data-id=\"fac5bd8\" data-element_type=\"section\">\n\t\t\t\t\t\t<div class=\"elementor-container elementor-column-gap-default\">\n\t\t\t\t\t<div class=\"elementor-column elementor-col-100 elementor-top-column elementor-element elementor-element-16dc393\" data-id=\"16dc393\" data-element_type=\"column\">\n\t\t\t<div class=\"elementor-widget-wrap\">\n\t\t\t\t\t\t\t<\/div>\n\t\t<\/div>\n\t\t\t\t\t<\/div>\n\t\t<\/section>\n\t\t\t\t<\/div>\n\t\t","protected":false},"excerpt":{"rendered":"<p>The P\u00e4rnu Light Theatre Festival &#8220;\u00d6\u00d6valgel&#8221; is a visual theater festival. The program consists of performances where, in addition to the performers, modern visual technology serves as the main means of storytelling. The festival is one of the largest cultural events in P\u00e4rnu, attracting a significant number of visitors. It is transcultural and understandable regardless [&hellip;]<\/p>\n","protected":false},"author":11,"featured_media":0,"parent":0,"menu_order":0,"comment_status":"closed","ping_status":"closed","template":"","meta":{"_exactmetrics_skip_tracking":false,"_exactmetrics_sitenote_active":false,"_exactmetrics_sitenote_note":"","_exactmetrics_sitenote_category":0,"footnotes":""},"class_list":["post-10325","page","type-page","status-publish","hentry"],"yoast_head":"<!-- This site is optimized with the Yoast SEO plugin v23.3 - https:\/\/yoast.com\/wordpress\/plugins\/seo\/ -->\n<title>About Festival - \u00d6\u00f6valgel<\/title>\n<meta name=\"description\" content=\"The P\u00e4rnu Light Theatre Festival &quot;\u00d6\u00d6valgel&quot; is a visual theater festival. The program consists of short performances where, in addition to the performers, modern visual technology serves as the main means of storytelling.\" \/>\n<meta name=\"robots\" content=\"index, follow, max-snippet:-1, max-image-preview:large, max-video-preview:-1\" \/>\n<link rel=\"canonical\" href=\"https:\/\/www.oovalgel.ee\/festivalist\/\" \/>\n<meta property=\"og:locale\" content=\"en_US\" \/>\n<meta property=\"og:type\" content=\"article\" \/>\n<meta property=\"og:title\" content=\"About Festival - \u00d6\u00f6valgel\" \/>\n<meta property=\"og:description\" content=\"The P\u00e4rnu Light Theatre Festival &quot;\u00d6\u00d6valgel&quot; is a visual theater festival. The program consists of short performances where, in addition to the performers, modern visual technology serves as the main means of storytelling.\" \/>\n<meta property=\"og:url\" content=\"https:\/\/www.oovalgel.ee\/festivalist\/\" \/>\n<meta property=\"og:site_name\" content=\"\u00d6\u00f6valgel\" \/>\n<meta property=\"article:modified_time\" content=\"2026-03-26T10:01:06+00:00\" \/>\n<meta name=\"twitter:card\" content=\"summary_large_image\" \/>\n<meta name=\"twitter:label1\" content=\"Est. reading time\" \/>\n\t<meta name=\"twitter:data1\" content=\"1 minute\" \/>\n<script type=\"application\/ld+json\" class=\"yoast-schema-graph\">{\"@context\":\"https:\/\/schema.org\",\"@graph\":[{\"@type\":\"WebPage\",\"@id\":\"https:\/\/www.oovalgel.ee\/festivalist\/\",\"url\":\"https:\/\/www.oovalgel.ee\/festivalist\/\",\"name\":\"About Festival - \u00d6\u00f6valgel\",\"isPartOf\":{\"@id\":\"https:\/\/www.oovalgel.ee\/#website\"},\"datePublished\":\"2024-02-21T11:11:37+00:00\",\"dateModified\":\"2026-03-26T10:01:06+00:00\",\"description\":\"The P\u00e4rnu Light Theatre Festival \\\"\u00d6\u00d6valgel\\\" is a visual theater festival. The program consists of short performances where, in addition to the performers, modern visual technology serves as the main means of storytelling.\",\"breadcrumb\":{\"@id\":\"https:\/\/www.oovalgel.ee\/festivalist\/#breadcrumb\"},\"inLanguage\":\"en-US\",\"potentialAction\":[{\"@type\":\"ReadAction\",\"target\":[\"https:\/\/www.oovalgel.ee\/festivalist\/\"]}]},{\"@type\":\"BreadcrumbList\",\"@id\":\"https:\/\/www.oovalgel.ee\/festivalist\/#breadcrumb\",\"itemListElement\":[{\"@type\":\"ListItem\",\"position\":1,\"name\":\"Home\",\"item\":\"https:\/\/www.oovalgel.ee\/\"},{\"@type\":\"ListItem\",\"position\":2,\"name\":\"About Festival\"}]},{\"@type\":\"WebSite\",\"@id\":\"https:\/\/www.oovalgel.ee\/#website\",\"url\":\"https:\/\/www.oovalgel.ee\/\",\"name\":\"\u00d6\u00f6valgel\",\"description\":\"\",\"publisher\":{\"@id\":\"https:\/\/www.oovalgel.ee\/#organization\"},\"potentialAction\":[{\"@type\":\"SearchAction\",\"target\":{\"@type\":\"EntryPoint\",\"urlTemplate\":\"https:\/\/www.oovalgel.ee\/?s={search_term_string}\"},\"query-input\":\"required name=search_term_string\"}],\"inLanguage\":\"en-US\"},{\"@type\":\"Organization\",\"@id\":\"https:\/\/www.oovalgel.ee\/#organization\",\"name\":\"\u00d6\u00f6valgel\",\"url\":\"https:\/\/www.oovalgel.ee\/\",\"logo\":{\"@type\":\"ImageObject\",\"inLanguage\":\"en-US\",\"@id\":\"https:\/\/www.oovalgel.ee\/#\/schema\/logo\/image\/\",\"url\":\"https:\/\/www.oovalgel.ee\/wp-content\/uploads\/2022\/06\/Logo_koos_EN-2.png\",\"contentUrl\":\"https:\/\/www.oovalgel.ee\/wp-content\/uploads\/2022\/06\/Logo_koos_EN-2.png\",\"width\":400,\"height\":188,\"caption\":\"\u00d6\u00f6valgel\"},\"image\":{\"@id\":\"https:\/\/www.oovalgel.ee\/#\/schema\/logo\/image\/\"}}]}<\/script>\n<!-- \/ Yoast SEO plugin. -->","yoast_head_json":{"title":"About Festival - \u00d6\u00f6valgel","description":"The P\u00e4rnu Light Theatre Festival \"\u00d6\u00d6valgel\" is a visual theater festival. The program consists of short performances where, in addition to the performers, modern visual technology serves as the main means of storytelling.","robots":{"index":"index","follow":"follow","max-snippet":"max-snippet:-1","max-image-preview":"max-image-preview:large","max-video-preview":"max-video-preview:-1"},"canonical":"https:\/\/www.oovalgel.ee\/festivalist\/","og_locale":"en_US","og_type":"article","og_title":"About Festival - \u00d6\u00f6valgel","og_description":"The P\u00e4rnu Light Theatre Festival \"\u00d6\u00d6valgel\" is a visual theater festival. The program consists of short performances where, in addition to the performers, modern visual technology serves as the main means of storytelling.","og_url":"https:\/\/www.oovalgel.ee\/festivalist\/","og_site_name":"\u00d6\u00f6valgel","article_modified_time":"2026-03-26T10:01:06+00:00","twitter_card":"summary_large_image","twitter_misc":{"Est. reading time":"1 minute"},"schema":{"@context":"https:\/\/schema.org","@graph":[{"@type":"WebPage","@id":"https:\/\/www.oovalgel.ee\/festivalist\/","url":"https:\/\/www.oovalgel.ee\/festivalist\/","name":"About Festival - \u00d6\u00f6valgel","isPartOf":{"@id":"https:\/\/www.oovalgel.ee\/#website"},"datePublished":"2024-02-21T11:11:37+00:00","dateModified":"2026-03-26T10:01:06+00:00","description":"The P\u00e4rnu Light Theatre Festival \"\u00d6\u00d6valgel\" is a visual theater festival. The program consists of short performances where, in addition to the performers, modern visual technology serves as the main means of storytelling.","breadcrumb":{"@id":"https:\/\/www.oovalgel.ee\/festivalist\/#breadcrumb"},"inLanguage":"en-US","potentialAction":[{"@type":"ReadAction","target":["https:\/\/www.oovalgel.ee\/festivalist\/"]}]},{"@type":"BreadcrumbList","@id":"https:\/\/www.oovalgel.ee\/festivalist\/#breadcrumb","itemListElement":[{"@type":"ListItem","position":1,"name":"Home","item":"https:\/\/www.oovalgel.ee\/"},{"@type":"ListItem","position":2,"name":"About Festival"}]},{"@type":"WebSite","@id":"https:\/\/www.oovalgel.ee\/#website","url":"https:\/\/www.oovalgel.ee\/","name":"\u00d6\u00f6valgel","description":"","publisher":{"@id":"https:\/\/www.oovalgel.ee\/#organization"},"potentialAction":[{"@type":"SearchAction","target":{"@type":"EntryPoint","urlTemplate":"https:\/\/www.oovalgel.ee\/?s={search_term_string}"},"query-input":"required name=search_term_string"}],"inLanguage":"en-US"},{"@type":"Organization","@id":"https:\/\/www.oovalgel.ee\/#organization","name":"\u00d6\u00f6valgel","url":"https:\/\/www.oovalgel.ee\/","logo":{"@type":"ImageObject","inLanguage":"en-US","@id":"https:\/\/www.oovalgel.ee\/#\/schema\/logo\/image\/","url":"https:\/\/www.oovalgel.ee\/wp-content\/uploads\/2022\/06\/Logo_koos_EN-2.png","contentUrl":"https:\/\/www.oovalgel.ee\/wp-content\/uploads\/2022\/06\/Logo_koos_EN-2.png","width":400,"height":188,"caption":"\u00d6\u00f6valgel"},"image":{"@id":"https:\/\/www.oovalgel.ee\/#\/schema\/logo\/image\/"}}]}},"_links":{"self":[{"href":"https:\/\/www.oovalgel.ee\/en\/wp-json\/wp\/v2\/pages\/10325","targetHints":{"allow":["GET"]}}],"collection":[{"href":"https:\/\/www.oovalgel.ee\/en\/wp-json\/wp\/v2\/pages"}],"about":[{"href":"https:\/\/www.oovalgel.ee\/en\/wp-json\/wp\/v2\/types\/page"}],"author":[{"embeddable":true,"href":"https:\/\/www.oovalgel.ee\/en\/wp-json\/wp\/v2\/users\/11"}],"replies":[{"embeddable":true,"href":"https:\/\/www.oovalgel.ee\/en\/wp-json\/wp\/v2\/comments?post=10325"}],"version-history":[{"count":86,"href":"https:\/\/www.oovalgel.ee\/en\/wp-json\/wp\/v2\/pages\/10325\/revisions"}],"predecessor-version":[{"id":13226,"href":"https:\/\/www.oovalgel.ee\/en\/wp-json\/wp\/v2\/pages\/10325\/revisions\/13226"}],"wp:attachment":[{"href":"https:\/\/www.oovalgel.ee\/en\/wp-json\/wp\/v2\/media?parent=10325"}],"curies":[{"name":"wp","href":"https:\/\/api.w.org\/{rel}","templated":true}]}}