{"id":10071,"date":"2024-02-19T16:13:03","date_gmt":"2024-02-19T14:13:03","guid":{"rendered":"https:\/\/www.oovalgel.ee\/front-page\/"},"modified":"2026-03-10T15:39:54","modified_gmt":"2026-03-10T13:39:54","slug":"front-page","status":"publish","type":"page","link":"https:\/\/www.oovalgel.ee\/en\/","title":{"rendered":"Front page"},"content":{"rendered":"\t\t<div data-elementor-type=\"wp-page\" data-elementor-id=\"10071\" class=\"elementor elementor-10071 elementor-9568\" data-elementor-post-type=\"page\">\n\t\t\t\t\t\t<section class=\"elementor-section elementor-top-section elementor-element elementor-element-a2b84d7 elementor-section-boxed elementor-section-height-default elementor-section-height-default\" data-id=\"a2b84d7\" data-element_type=\"section\">\n\t\t\t\t\t\t<div class=\"elementor-container elementor-column-gap-default\">\n\t\t\t\t\t<div class=\"elementor-column elementor-col-100 elementor-top-column elementor-element elementor-element-6492f09\" data-id=\"6492f09\" data-element_type=\"column\">\n\t\t\t<div class=\"elementor-widget-wrap\">\n\t\t\t\t\t\t\t<\/div>\n\t\t<\/div>\n\t\t\t\t\t<\/div>\n\t\t<\/section>\n\t\t\t\t<section class=\"elementor-section elementor-top-section elementor-element elementor-element-0ec7084 elementor-section-full_width elementor-section-height-min-height elementor-section-height-default elementor-section-items-middle\" data-id=\"0ec7084\" data-element_type=\"section\">\n\t\t\t\t\t\t<div class=\"elementor-container elementor-column-gap-default\">\n\t\t\t\t\t<div class=\"elementor-column elementor-col-100 elementor-top-column elementor-element elementor-element-68c6b3a\" data-id=\"68c6b3a\" data-element_type=\"column\">\n\t\t\t<div class=\"elementor-widget-wrap elementor-element-populated\">\n\t\t\t\t\t\t<div class=\"elementor-element elementor-element-9ebc0ae elementor-widget elementor-widget-image\" data-id=\"9ebc0ae\" data-element_type=\"widget\" data-widget_type=\"image.default\">\n\t\t\t\t<div class=\"elementor-widget-container\">\n\t\t\t<style>\/*! elementor - v3.23.0 - 05-08-2024 *\/\n.elementor-widget-image{text-align:center}.elementor-widget-image a{display:inline-block}.elementor-widget-image a img[src$=\".svg\"]{width:48px}.elementor-widget-image img{vertical-align:middle;display:inline-block}<\/style>\t\t\t\t\t\t\t\t\t\t<img fetchpriority=\"high\" decoding=\"async\" width=\"772\" height=\"290\" src=\"https:\/\/www.oovalgel.ee\/wp-content\/uploads\/2026\/03\/OOVALGEL-UUENDATUD-ENG-LOGO.png\" class=\"attachment-large size-large wp-image-12811\" alt=\"\" srcset=\"https:\/\/www.oovalgel.ee\/wp-content\/uploads\/2026\/03\/OOVALGEL-UUENDATUD-ENG-LOGO.png 772w, https:\/\/www.oovalgel.ee\/wp-content\/uploads\/2026\/03\/OOVALGEL-UUENDATUD-ENG-LOGO-300x113.png 300w, https:\/\/www.oovalgel.ee\/wp-content\/uploads\/2026\/03\/OOVALGEL-UUENDATUD-ENG-LOGO-768x288.png 768w\" sizes=\"(max-width: 772px) 100vw, 772px\" \/>\t\t\t\t\t\t\t\t\t\t\t\t\t<\/div>\n\t\t\t\t<\/div>\n\t\t\t\t<div class=\"elementor-element elementor-element-a875209 elementor-widget elementor-widget-heading\" data-id=\"a875209\" data-element_type=\"widget\" data-widget_type=\"heading.default\">\n\t\t\t\t<div class=\"elementor-widget-container\">\n\t\t\t<style>\/*! elementor - v3.23.0 - 05-08-2024 *\/\n.elementor-heading-title{padding:0;margin:0;line-height:1}.elementor-widget-heading .elementor-heading-title[class*=elementor-size-]>a{color:inherit;font-size:inherit;line-height:inherit}.elementor-widget-heading .elementor-heading-title.elementor-size-small{font-size:15px}.elementor-widget-heading .elementor-heading-title.elementor-size-medium{font-size:19px}.elementor-widget-heading .elementor-heading-title.elementor-size-large{font-size:29px}.elementor-widget-heading .elementor-heading-title.elementor-size-xl{font-size:39px}.elementor-widget-heading .elementor-heading-title.elementor-size-xxl{font-size:59px}<\/style><span class=\"elementor-heading-title elementor-size-default\">1<b> \/<\/b> 2 \/ 3 october 2026, P\u00c4RNU<\/span>\t\t<\/div>\n\t\t\t\t<\/div>\n\t\t\t\t\t<\/div>\n\t\t<\/div>\n\t\t\t\t\t<\/div>\n\t\t<\/section>\n\t\t\t\t<section class=\"elementor-section elementor-top-section elementor-element elementor-element-2a03f1c elementor-section-boxed elementor-section-height-default elementor-section-height-default\" data-id=\"2a03f1c\" data-element_type=\"section\">\n\t\t\t\t\t\t<div class=\"elementor-container elementor-column-gap-default\">\n\t\t\t\t\t<div class=\"elementor-column elementor-col-50 elementor-top-column elementor-element elementor-element-0551287\" data-id=\"0551287\" data-element_type=\"column\">\n\t\t\t<div class=\"elementor-widget-wrap elementor-element-populated\">\n\t\t\t\t\t\t<div class=\"elementor-element elementor-element-62d54e1 e-grid-align-tablet-center e-grid-align-left e-grid-align-mobile-center elementor-shape-rounded elementor-grid-0 elementor-widget elementor-widget-social-icons\" data-id=\"62d54e1\" data-element_type=\"widget\" data-widget_type=\"social-icons.default\">\n\t\t\t\t<div class=\"elementor-widget-container\">\n\t\t\t<style>\/*! elementor - v3.23.0 - 05-08-2024 *\/\n.elementor-widget-social-icons.elementor-grid-0 .elementor-widget-container,.elementor-widget-social-icons.elementor-grid-mobile-0 .elementor-widget-container,.elementor-widget-social-icons.elementor-grid-tablet-0 .elementor-widget-container{line-height:1;font-size:0}.elementor-widget-social-icons:not(.elementor-grid-0):not(.elementor-grid-tablet-0):not(.elementor-grid-mobile-0) .elementor-grid{display:inline-grid}.elementor-widget-social-icons .elementor-grid{grid-column-gap:var(--grid-column-gap,5px);grid-row-gap:var(--grid-row-gap,5px);grid-template-columns:var(--grid-template-columns);justify-content:var(--justify-content,center);justify-items:var(--justify-content,center)}.elementor-icon.elementor-social-icon{font-size:var(--icon-size,25px);line-height:var(--icon-size,25px);width:calc(var(--icon-size, 25px) + 2 * var(--icon-padding, .5em));height:calc(var(--icon-size, 25px) + 2 * var(--icon-padding, .5em))}.elementor-social-icon{--e-social-icon-icon-color:#fff;display:inline-flex;background-color:#69727d;align-items:center;justify-content:center;text-align:center;cursor:pointer}.elementor-social-icon i{color:var(--e-social-icon-icon-color)}.elementor-social-icon svg{fill:var(--e-social-icon-icon-color)}.elementor-social-icon:last-child{margin:0}.elementor-social-icon:hover{opacity:.9;color:#fff}.elementor-social-icon-android{background-color:#a4c639}.elementor-social-icon-apple{background-color:#999}.elementor-social-icon-behance{background-color:#1769ff}.elementor-social-icon-bitbucket{background-color:#205081}.elementor-social-icon-codepen{background-color:#000}.elementor-social-icon-delicious{background-color:#39f}.elementor-social-icon-deviantart{background-color:#05cc47}.elementor-social-icon-digg{background-color:#005be2}.elementor-social-icon-dribbble{background-color:#ea4c89}.elementor-social-icon-elementor{background-color:#d30c5c}.elementor-social-icon-envelope{background-color:#ea4335}.elementor-social-icon-facebook,.elementor-social-icon-facebook-f{background-color:#3b5998}.elementor-social-icon-flickr{background-color:#0063dc}.elementor-social-icon-foursquare{background-color:#2d5be3}.elementor-social-icon-free-code-camp,.elementor-social-icon-freecodecamp{background-color:#006400}.elementor-social-icon-github{background-color:#333}.elementor-social-icon-gitlab{background-color:#e24329}.elementor-social-icon-globe{background-color:#69727d}.elementor-social-icon-google-plus,.elementor-social-icon-google-plus-g{background-color:#dd4b39}.elementor-social-icon-houzz{background-color:#7ac142}.elementor-social-icon-instagram{background-color:#262626}.elementor-social-icon-jsfiddle{background-color:#487aa2}.elementor-social-icon-link{background-color:#818a91}.elementor-social-icon-linkedin,.elementor-social-icon-linkedin-in{background-color:#0077b5}.elementor-social-icon-medium{background-color:#00ab6b}.elementor-social-icon-meetup{background-color:#ec1c40}.elementor-social-icon-mixcloud{background-color:#273a4b}.elementor-social-icon-odnoklassniki{background-color:#f4731c}.elementor-social-icon-pinterest{background-color:#bd081c}.elementor-social-icon-product-hunt{background-color:#da552f}.elementor-social-icon-reddit{background-color:#ff4500}.elementor-social-icon-rss{background-color:#f26522}.elementor-social-icon-shopping-cart{background-color:#4caf50}.elementor-social-icon-skype{background-color:#00aff0}.elementor-social-icon-slideshare{background-color:#0077b5}.elementor-social-icon-snapchat{background-color:#fffc00}.elementor-social-icon-soundcloud{background-color:#f80}.elementor-social-icon-spotify{background-color:#2ebd59}.elementor-social-icon-stack-overflow{background-color:#fe7a15}.elementor-social-icon-steam{background-color:#00adee}.elementor-social-icon-stumbleupon{background-color:#eb4924}.elementor-social-icon-telegram{background-color:#2ca5e0}.elementor-social-icon-threads{background-color:#000}.elementor-social-icon-thumb-tack{background-color:#1aa1d8}.elementor-social-icon-tripadvisor{background-color:#589442}.elementor-social-icon-tumblr{background-color:#35465c}.elementor-social-icon-twitch{background-color:#6441a5}.elementor-social-icon-twitter{background-color:#1da1f2}.elementor-social-icon-viber{background-color:#665cac}.elementor-social-icon-vimeo{background-color:#1ab7ea}.elementor-social-icon-vk{background-color:#45668e}.elementor-social-icon-weibo{background-color:#dd2430}.elementor-social-icon-weixin{background-color:#31a918}.elementor-social-icon-whatsapp{background-color:#25d366}.elementor-social-icon-wordpress{background-color:#21759b}.elementor-social-icon-x-twitter{background-color:#000}.elementor-social-icon-xing{background-color:#026466}.elementor-social-icon-yelp{background-color:#af0606}.elementor-social-icon-youtube{background-color:#cd201f}.elementor-social-icon-500px{background-color:#0099e5}.elementor-shape-rounded .elementor-icon.elementor-social-icon{border-radius:10%}.elementor-shape-circle .elementor-icon.elementor-social-icon{border-radius:50%}<\/style>\t\t<div class=\"elementor-social-icons-wrapper elementor-grid\">\n\t\t\t\t\t\t\t<span class=\"elementor-grid-item\">\n\t\t\t\t\t<a class=\"elementor-icon elementor-social-icon elementor-social-icon-facebook-f elementor-repeater-item-4f6481a\" href=\"https:\/\/www.facebook.com\/oovalgel\/\" target=\"_blank\">\n\t\t\t\t\t\t<span class=\"elementor-screen-only\">Facebook-f<\/span>\n\t\t\t\t\t\t<i class=\"fab fa-facebook-f\"><\/i>\t\t\t\t\t<\/a>\n\t\t\t\t<\/span>\n\t\t\t\t\t\t\t<span class=\"elementor-grid-item\">\n\t\t\t\t\t<a class=\"elementor-icon elementor-social-icon elementor-social-icon-instagram elementor-repeater-item-6482372\" href=\"https:\/\/www.instagram.com\/oovalgel\/\" target=\"_blank\">\n\t\t\t\t\t\t<span class=\"elementor-screen-only\">Instagram<\/span>\n\t\t\t\t\t\t<i class=\"fab fa-instagram\"><\/i>\t\t\t\t\t<\/a>\n\t\t\t\t<\/span>\n\t\t\t\t\t<\/div>\n\t\t\t\t<\/div>\n\t\t\t\t<\/div>\n\t\t\t\t<div class=\"elementor-element elementor-element-4fff37b e-transform elementor-hidden-widescreen elementor-hidden-desktop elementor-hidden-laptop elementor-hidden-tablet elementor-widget elementor-widget-image\" data-id=\"4fff37b\" data-element_type=\"widget\" data-settings=\"{&quot;_transform_scale_effect_mobile&quot;:{&quot;unit&quot;:&quot;px&quot;,&quot;size&quot;:0.7,&quot;sizes&quot;:[]},&quot;_transform_scale_effect&quot;:{&quot;unit&quot;:&quot;px&quot;,&quot;size&quot;:&quot;&quot;,&quot;sizes&quot;:[]},&quot;_transform_scale_effect_widescreen&quot;:{&quot;unit&quot;:&quot;px&quot;,&quot;size&quot;:&quot;&quot;,&quot;sizes&quot;:[]},&quot;_transform_scale_effect_laptop&quot;:{&quot;unit&quot;:&quot;px&quot;,&quot;size&quot;:&quot;&quot;,&quot;sizes&quot;:[]},&quot;_transform_scale_effect_tablet&quot;:{&quot;unit&quot;:&quot;px&quot;,&quot;size&quot;:&quot;&quot;,&quot;sizes&quot;:[]}}\" data-widget_type=\"image.default\">\n\t\t\t\t<div class=\"elementor-widget-container\">\n\t\t\t\t\t\t\t\t\t\t\t\t\t<img decoding=\"async\" width=\"800\" height=\"640\" src=\"https:\/\/www.oovalgel.ee\/wp-content\/uploads\/2026\/03\/logodkoos.eng_.png\" class=\"attachment-large size-large wp-image-12632\" alt=\"\" srcset=\"https:\/\/www.oovalgel.ee\/wp-content\/uploads\/2026\/03\/logodkoos.eng_.png 1350w, https:\/\/www.oovalgel.ee\/wp-content\/uploads\/2026\/03\/logodkoos.eng_-300x240.png 300w, https:\/\/www.oovalgel.ee\/wp-content\/uploads\/2026\/03\/logodkoos.eng_-768x614.png 768w\" sizes=\"(max-width: 800px) 100vw, 800px\" \/>\t\t\t\t\t\t\t\t\t\t\t\t\t<\/div>\n\t\t\t\t<\/div>\n\t\t\t\t\t<\/div>\n\t\t<\/div>\n\t\t\t\t<div class=\"elementor-column elementor-col-50 elementor-top-column elementor-element elementor-element-24094fd\" data-id=\"24094fd\" data-element_type=\"column\">\n\t\t\t<div class=\"elementor-widget-wrap elementor-element-populated\">\n\t\t\t\t\t\t<div class=\"elementor-element elementor-element-d66d54f e-transform elementor-hidden-mobile elementor-widget elementor-widget-image\" data-id=\"d66d54f\" data-element_type=\"widget\" data-settings=\"{&quot;_transform_scale_effect&quot;:{&quot;unit&quot;:&quot;px&quot;,&quot;size&quot;:0.9,&quot;sizes&quot;:[]},&quot;_transform_scale_effect_widescreen&quot;:{&quot;unit&quot;:&quot;px&quot;,&quot;size&quot;:&quot;&quot;,&quot;sizes&quot;:[]},&quot;_transform_scale_effect_laptop&quot;:{&quot;unit&quot;:&quot;px&quot;,&quot;size&quot;:&quot;&quot;,&quot;sizes&quot;:[]},&quot;_transform_scale_effect_tablet&quot;:{&quot;unit&quot;:&quot;px&quot;,&quot;size&quot;:&quot;&quot;,&quot;sizes&quot;:[]},&quot;_transform_scale_effect_mobile&quot;:{&quot;unit&quot;:&quot;px&quot;,&quot;size&quot;:&quot;&quot;,&quot;sizes&quot;:[]}}\" data-widget_type=\"image.default\">\n\t\t\t\t<div class=\"elementor-widget-container\">\n\t\t\t\t\t\t\t\t\t\t\t\t\t<img decoding=\"async\" width=\"800\" height=\"640\" src=\"https:\/\/www.oovalgel.ee\/wp-content\/uploads\/2026\/03\/logodkoos.eng_.png\" class=\"attachment-large size-large wp-image-12632\" alt=\"\" srcset=\"https:\/\/www.oovalgel.ee\/wp-content\/uploads\/2026\/03\/logodkoos.eng_.png 1350w, https:\/\/www.oovalgel.ee\/wp-content\/uploads\/2026\/03\/logodkoos.eng_-300x240.png 300w, https:\/\/www.oovalgel.ee\/wp-content\/uploads\/2026\/03\/logodkoos.eng_-768x614.png 768w\" sizes=\"(max-width: 800px) 100vw, 800px\" \/>\t\t\t\t\t\t\t\t\t\t\t\t\t<\/div>\n\t\t\t\t<\/div>\n\t\t\t\t\t<\/div>\n\t\t<\/div>\n\t\t\t\t\t<\/div>\n\t\t<\/section>\n\t\t\t\t<section class=\"elementor-section elementor-top-section elementor-element elementor-element-66f8e65 elementor-section-content-bottom elementor-section-boxed elementor-section-height-default elementor-section-height-default\" data-id=\"66f8e65\" data-element_type=\"section\">\n\t\t\t\t\t\t<div class=\"elementor-container elementor-column-gap-default\">\n\t\t\t\t\t<div class=\"elementor-column elementor-col-100 elementor-top-column elementor-element elementor-element-1e6f289\" data-id=\"1e6f289\" data-element_type=\"column\">\n\t\t\t<div class=\"elementor-widget-wrap\">\n\t\t\t\t\t\t\t<\/div>\n\t\t<\/div>\n\t\t\t\t\t<\/div>\n\t\t<\/section>\n\t\t\t\t<\/div>\n\t\t","protected":false},"excerpt":{"rendered":"<p>1 \/ 2 \/ 3 october 2026, P\u00c4RNU Facebook-f Instagram<\/p>\n","protected":false},"author":11,"featured_media":0,"parent":0,"menu_order":0,"comment_status":"closed","ping_status":"closed","template":"","meta":{"_exactmetrics_skip_tracking":false,"_exactmetrics_sitenote_active":false,"_exactmetrics_sitenote_note":"","_exactmetrics_sitenote_category":0,"footnotes":""},"class_list":["post-10071","page","type-page","status-publish","hentry"],"yoast_head":"<!-- This site is optimized with the Yoast SEO plugin v23.3 - https:\/\/yoast.com\/wordpress\/plugins\/seo\/ -->\n<title>The P\u00e4rnu Light Theatre Festival \u201c\u00d6\u00d6valgel\u201d | 25.-27.09 2025<\/title>\n<meta name=\"description\" content=\"Every year on the last weekend of september, the &quot;\u00d6\u00d6valgel&quot; light theatre festival, P\u00e4rnu&#039;s biggest cultural event, where light plays are performed takes place.\" \/>\n<meta name=\"robots\" content=\"index, follow, max-snippet:-1, max-image-preview:large, max-video-preview:-1\" \/>\n<link rel=\"canonical\" href=\"https:\/\/www.oovalgel.ee\/\" \/>\n<meta property=\"og:locale\" content=\"en_US\" \/>\n<meta property=\"og:type\" content=\"article\" \/>\n<meta property=\"og:title\" content=\"The P\u00e4rnu Light Theatre Festival \u201c\u00d6\u00d6valgel\u201d | 25.-27.09 2025\" \/>\n<meta property=\"og:description\" content=\"Every year on the last weekend of september, the &quot;\u00d6\u00d6valgel&quot; light theatre festival, P\u00e4rnu&#039;s biggest cultural event, where light plays are performed takes place.\" \/>\n<meta property=\"og:url\" content=\"https:\/\/www.oovalgel.ee\/\" \/>\n<meta property=\"og:site_name\" content=\"\u00d6\u00f6valgel\" \/>\n<meta property=\"article:modified_time\" content=\"2026-03-10T13:39:54+00:00\" \/>\n<meta property=\"og:image\" content=\"https:\/\/www.oovalgel.ee\/wp-content\/uploads\/2026\/03\/OOVALGEL-UUENDATUD-ENG-LOGO.png\" \/>\n<meta name=\"twitter:card\" content=\"summary_large_image\" \/>\n<meta name=\"twitter:label1\" content=\"Est. reading time\" \/>\n\t<meta name=\"twitter:data1\" content=\"1 minute\" \/>\n<script type=\"application\/ld+json\" class=\"yoast-schema-graph\">{\"@context\":\"https:\/\/schema.org\",\"@graph\":[{\"@type\":\"WebPage\",\"@id\":\"https:\/\/www.oovalgel.ee\/\",\"url\":\"https:\/\/www.oovalgel.ee\/\",\"name\":\"The P\u00e4rnu Light Theatre Festival \u201c\u00d6\u00d6valgel\u201d | 25.-27.09 2025\",\"isPartOf\":{\"@id\":\"https:\/\/www.oovalgel.ee\/#website\"},\"primaryImageOfPage\":{\"@id\":\"https:\/\/www.oovalgel.ee\/#primaryimage\"},\"image\":{\"@id\":\"https:\/\/www.oovalgel.ee\/#primaryimage\"},\"thumbnailUrl\":\"https:\/\/www.oovalgel.ee\/wp-content\/uploads\/2026\/03\/OOVALGEL-UUENDATUD-ENG-LOGO.png\",\"datePublished\":\"2024-02-19T14:13:03+00:00\",\"dateModified\":\"2026-03-10T13:39:54+00:00\",\"description\":\"Every year on the last weekend of september, the \\\"\u00d6\u00d6valgel\\\" light theatre festival, P\u00e4rnu's biggest cultural event, where light plays are performed takes place.\",\"breadcrumb\":{\"@id\":\"https:\/\/www.oovalgel.ee\/#breadcrumb\"},\"inLanguage\":\"en-US\",\"potentialAction\":[{\"@type\":\"ReadAction\",\"target\":[\"https:\/\/www.oovalgel.ee\/\"]}]},{\"@type\":\"ImageObject\",\"inLanguage\":\"en-US\",\"@id\":\"https:\/\/www.oovalgel.ee\/#primaryimage\",\"url\":\"https:\/\/www.oovalgel.ee\/wp-content\/uploads\/2026\/03\/OOVALGEL-UUENDATUD-ENG-LOGO.png\",\"contentUrl\":\"https:\/\/www.oovalgel.ee\/wp-content\/uploads\/2026\/03\/OOVALGEL-UUENDATUD-ENG-LOGO.png\"},{\"@type\":\"BreadcrumbList\",\"@id\":\"https:\/\/www.oovalgel.ee\/#breadcrumb\",\"itemListElement\":[{\"@type\":\"ListItem\",\"position\":1,\"name\":\"Home\",\"item\":\"https:\/\/www.oovalgel.ee\/\"},{\"@type\":\"ListItem\",\"position\":2,\"name\":\"Front page\"}]},{\"@type\":\"WebSite\",\"@id\":\"https:\/\/www.oovalgel.ee\/#website\",\"url\":\"https:\/\/www.oovalgel.ee\/\",\"name\":\"\u00d6\u00f6valgel\",\"description\":\"\",\"publisher\":{\"@id\":\"https:\/\/www.oovalgel.ee\/#organization\"},\"potentialAction\":[{\"@type\":\"SearchAction\",\"target\":{\"@type\":\"EntryPoint\",\"urlTemplate\":\"https:\/\/www.oovalgel.ee\/?s={search_term_string}\"},\"query-input\":\"required name=search_term_string\"}],\"inLanguage\":\"en-US\"},{\"@type\":\"Organization\",\"@id\":\"https:\/\/www.oovalgel.ee\/#organization\",\"name\":\"\u00d6\u00f6valgel\",\"url\":\"https:\/\/www.oovalgel.ee\/\",\"logo\":{\"@type\":\"ImageObject\",\"inLanguage\":\"en-US\",\"@id\":\"https:\/\/www.oovalgel.ee\/#\/schema\/logo\/image\/\",\"url\":\"https:\/\/www.oovalgel.ee\/wp-content\/uploads\/2022\/06\/Logo_koos_EN-2.png\",\"contentUrl\":\"https:\/\/www.oovalgel.ee\/wp-content\/uploads\/2022\/06\/Logo_koos_EN-2.png\",\"width\":400,\"height\":188,\"caption\":\"\u00d6\u00f6valgel\"},\"image\":{\"@id\":\"https:\/\/www.oovalgel.ee\/#\/schema\/logo\/image\/\"}}]}<\/script>\n<!-- \/ Yoast SEO plugin. -->","yoast_head_json":{"title":"The P\u00e4rnu Light Theatre Festival \u201c\u00d6\u00d6valgel\u201d | 25.-27.09 2025","description":"Every year on the last weekend of september, the \"\u00d6\u00d6valgel\" light theatre festival, P\u00e4rnu's biggest cultural event, where light plays are performed takes place.","robots":{"index":"index","follow":"follow","max-snippet":"max-snippet:-1","max-image-preview":"max-image-preview:large","max-video-preview":"max-video-preview:-1"},"canonical":"https:\/\/www.oovalgel.ee\/","og_locale":"en_US","og_type":"article","og_title":"The P\u00e4rnu Light Theatre Festival \u201c\u00d6\u00d6valgel\u201d | 25.-27.09 2025","og_description":"Every year on the last weekend of september, the \"\u00d6\u00d6valgel\" light theatre festival, P\u00e4rnu's biggest cultural event, where light plays are performed takes place.","og_url":"https:\/\/www.oovalgel.ee\/","og_site_name":"\u00d6\u00f6valgel","article_modified_time":"2026-03-10T13:39:54+00:00","og_image":[{"url":"https:\/\/www.oovalgel.ee\/wp-content\/uploads\/2026\/03\/OOVALGEL-UUENDATUD-ENG-LOGO.png"}],"twitter_card":"summary_large_image","twitter_misc":{"Est. reading time":"1 minute"},"schema":{"@context":"https:\/\/schema.org","@graph":[{"@type":"WebPage","@id":"https:\/\/www.oovalgel.ee\/","url":"https:\/\/www.oovalgel.ee\/","name":"The P\u00e4rnu Light Theatre Festival \u201c\u00d6\u00d6valgel\u201d | 25.-27.09 2025","isPartOf":{"@id":"https:\/\/www.oovalgel.ee\/#website"},"primaryImageOfPage":{"@id":"https:\/\/www.oovalgel.ee\/#primaryimage"},"image":{"@id":"https:\/\/www.oovalgel.ee\/#primaryimage"},"thumbnailUrl":"https:\/\/www.oovalgel.ee\/wp-content\/uploads\/2026\/03\/OOVALGEL-UUENDATUD-ENG-LOGO.png","datePublished":"2024-02-19T14:13:03+00:00","dateModified":"2026-03-10T13:39:54+00:00","description":"Every year on the last weekend of september, the \"\u00d6\u00d6valgel\" light theatre festival, P\u00e4rnu's biggest cultural event, where light plays are performed takes place.","breadcrumb":{"@id":"https:\/\/www.oovalgel.ee\/#breadcrumb"},"inLanguage":"en-US","potentialAction":[{"@type":"ReadAction","target":["https:\/\/www.oovalgel.ee\/"]}]},{"@type":"ImageObject","inLanguage":"en-US","@id":"https:\/\/www.oovalgel.ee\/#primaryimage","url":"https:\/\/www.oovalgel.ee\/wp-content\/uploads\/2026\/03\/OOVALGEL-UUENDATUD-ENG-LOGO.png","contentUrl":"https:\/\/www.oovalgel.ee\/wp-content\/uploads\/2026\/03\/OOVALGEL-UUENDATUD-ENG-LOGO.png"},{"@type":"BreadcrumbList","@id":"https:\/\/www.oovalgel.ee\/#breadcrumb","itemListElement":[{"@type":"ListItem","position":1,"name":"Home","item":"https:\/\/www.oovalgel.ee\/"},{"@type":"ListItem","position":2,"name":"Front page"}]},{"@type":"WebSite","@id":"https:\/\/www.oovalgel.ee\/#website","url":"https:\/\/www.oovalgel.ee\/","name":"\u00d6\u00f6valgel","description":"","publisher":{"@id":"https:\/\/www.oovalgel.ee\/#organization"},"potentialAction":[{"@type":"SearchAction","target":{"@type":"EntryPoint","urlTemplate":"https:\/\/www.oovalgel.ee\/?s={search_term_string}"},"query-input":"required name=search_term_string"}],"inLanguage":"en-US"},{"@type":"Organization","@id":"https:\/\/www.oovalgel.ee\/#organization","name":"\u00d6\u00f6valgel","url":"https:\/\/www.oovalgel.ee\/","logo":{"@type":"ImageObject","inLanguage":"en-US","@id":"https:\/\/www.oovalgel.ee\/#\/schema\/logo\/image\/","url":"https:\/\/www.oovalgel.ee\/wp-content\/uploads\/2022\/06\/Logo_koos_EN-2.png","contentUrl":"https:\/\/www.oovalgel.ee\/wp-content\/uploads\/2022\/06\/Logo_koos_EN-2.png","width":400,"height":188,"caption":"\u00d6\u00f6valgel"},"image":{"@id":"https:\/\/www.oovalgel.ee\/#\/schema\/logo\/image\/"}}]}},"_links":{"self":[{"href":"https:\/\/www.oovalgel.ee\/en\/wp-json\/wp\/v2\/pages\/10071","targetHints":{"allow":["GET"]}}],"collection":[{"href":"https:\/\/www.oovalgel.ee\/en\/wp-json\/wp\/v2\/pages"}],"about":[{"href":"https:\/\/www.oovalgel.ee\/en\/wp-json\/wp\/v2\/types\/page"}],"author":[{"embeddable":true,"href":"https:\/\/www.oovalgel.ee\/en\/wp-json\/wp\/v2\/users\/11"}],"replies":[{"embeddable":true,"href":"https:\/\/www.oovalgel.ee\/en\/wp-json\/wp\/v2\/comments?post=10071"}],"version-history":[{"count":134,"href":"https:\/\/www.oovalgel.ee\/en\/wp-json\/wp\/v2\/pages\/10071\/revisions"}],"predecessor-version":[{"id":12844,"href":"https:\/\/www.oovalgel.ee\/en\/wp-json\/wp\/v2\/pages\/10071\/revisions\/12844"}],"wp:attachment":[{"href":"https:\/\/www.oovalgel.ee\/en\/wp-json\/wp\/v2\/media?parent=10071"}],"curies":[{"name":"wp","href":"https:\/\/api.w.org\/{rel}","templated":true}]}}